{"id":2075,"date":"2024-07-23T11:09:37","date_gmt":"2024-07-23T11:09:37","guid":{"rendered":"https:\/\/mhultimamilla.mx\/v1\/?page_id=2075"},"modified":"2025-06-27T03:28:07","modified_gmt":"2025-06-27T03:28:07","slug":"empresa","status":"publish","type":"page","link":"https:\/\/mhultimamilla.mx\/v1\/empresa\/","title":{"rendered":"Empresa"},"content":{"rendered":"\t\t<div data-elementor-type=\"wp-page\" data-elementor-id=\"2075\" class=\"elementor elementor-2075\" data-elementor-post-type=\"page\">\n\t\t\t\t\t\t<section class=\"elementor-section elementor-top-section elementor-element elementor-element-a2379dd elementor-section-boxed elementor-section-height-default elementor-section-height-default sc_fly_static\" data-id=\"a2379dd\" data-element_type=\"section\" data-settings=\"{&quot;background_background&quot;:&quot;classic&quot;}\">\n\t\t\t\t\t\t<div class=\"elementor-container elementor-column-gap-extended\">\n\t\t\t\t\t<div class=\"elementor-column elementor-col-100 elementor-top-column elementor-element elementor-element-27a7c40 sc_content_align_inherit sc_layouts_column_icons_position_left sc_fly_static\" data-id=\"27a7c40\" data-element_type=\"column\">\n\t\t\t<div class=\"elementor-widget-wrap elementor-element-populated\">\n\t\t\t\t\t\t<div class=\"elementor-element elementor-element-fde86c7 sc_fly_static elementor-widget elementor-widget-spacer\" data-id=\"fde86c7\" data-element_type=\"widget\" data-widget_type=\"spacer.default\">\n\t\t\t\t<div class=\"elementor-widget-container\">\n\t\t\t\t\t\t\t<div class=\"elementor-spacer\">\n\t\t\t<div class=\"elementor-spacer-inner\"><\/div>\n\t\t<\/div>\n\t\t\t\t\t\t<\/div>\n\t\t\t\t<\/div>\n\t\t\t\t<div class=\"elementor-element elementor-element-6b09130 sc_fly_static elementor-widget elementor-widget-heading\" data-id=\"6b09130\" data-element_type=\"widget\" data-widget_type=\"heading.default\">\n\t\t\t\t<div class=\"elementor-widget-container\">\n\t\t\t\t\t<h1 class=\"elementor-heading-title elementor-size-default\">Empresa<\/h1>\t\t\t\t<\/div>\n\t\t\t\t<\/div>\n\t\t\t\t<div class=\"elementor-element elementor-element-da0cb5f sc_fly_static elementor-widget elementor-widget-spacer\" data-id=\"da0cb5f\" data-element_type=\"widget\" data-widget_type=\"spacer.default\">\n\t\t\t\t<div class=\"elementor-widget-container\">\n\t\t\t\t\t\t\t<div class=\"elementor-spacer\">\n\t\t\t<div class=\"elementor-spacer-inner\"><\/div>\n\t\t<\/div>\n\t\t\t\t\t\t<\/div>\n\t\t\t\t<\/div>\n\t\t\t\t\t<\/div>\n\t\t<\/div>\n\t\t\t\t\t<\/div>\n\t\t<\/section>\n\t\t\t\t<section class=\"elementor-section elementor-top-section elementor-element elementor-element-c5791b8 elementor-section-full_width elementor-section-height-default elementor-section-height-default sc_fly_static\" data-id=\"c5791b8\" data-element_type=\"section\">\n\t\t\t\t\t\t<div class=\"elementor-container elementor-column-gap-no\">\n\t\t\t\t\t<div class=\"elementor-column elementor-col-100 elementor-top-column elementor-element elementor-element-cdf2394 sc_content_align_inherit sc_layouts_column_icons_position_left sc_fly_static\" data-id=\"cdf2394\" data-element_type=\"column\">\n\t\t\t<div class=\"elementor-widget-wrap elementor-element-populated\">\n\t\t\t\t\t\t<div class=\"elementor-element elementor-element-e196df5 sc_height_huge sc_fly_static elementor-widget elementor-widget-spacer\" data-id=\"e196df5\" data-element_type=\"widget\" data-widget_type=\"spacer.default\">\n\t\t\t\t<div class=\"elementor-widget-container\">\n\t\t\t\t\t\t\t<div class=\"elementor-spacer\">\n\t\t\t<div class=\"elementor-spacer-inner\"><\/div>\n\t\t<\/div>\n\t\t\t\t\t\t<\/div>\n\t\t\t\t<\/div>\n\t\t\t\t<div class=\"elementor-element elementor-element-9e07cac sc_layouts_hide_on_notebook sc_layouts_hide_on_tablet sc_layouts_hide_on_mobile sc_fly_static elementor-widget elementor-widget-spacer\" data-id=\"9e07cac\" data-element_type=\"widget\" data-widget_type=\"spacer.default\">\n\t\t\t\t<div class=\"elementor-widget-container\">\n\t\t\t\t\t\t\t<div class=\"elementor-spacer\">\n\t\t\t<div class=\"elementor-spacer-inner\"><\/div>\n\t\t<\/div>\n\t\t\t\t\t\t<\/div>\n\t\t\t\t<\/div>\n\t\t\t\t<section class=\"elementor-section elementor-inner-section elementor-element elementor-element-8d3fa76 elementor-section-content-middle elementor-section-boxed elementor-section-height-default elementor-section-height-default sc_fly_static\" data-id=\"8d3fa76\" data-element_type=\"section\">\n\t\t\t\t\t\t<div class=\"elementor-container elementor-column-gap-no\">\n\t\t\t\t\t<div class=\"elementor-column elementor-col-50 elementor-inner-column elementor-element elementor-element-91a21ce sc_content_align_inherit sc_layouts_column_icons_position_left sc_fly_static\" data-id=\"91a21ce\" data-element_type=\"column\">\n\t\t\t<div class=\"elementor-widget-wrap elementor-element-populated\">\n\t\t\t\t\t\t<div class=\"elementor-element elementor-element-9a0a671 sc_fly_static elementor-widget elementor-widget-heading\" data-id=\"9a0a671\" data-element_type=\"widget\" data-widget_type=\"heading.default\">\n\t\t\t\t<div class=\"elementor-widget-container\">\n\t\t\t\t\t<h5 class=\"elementor-heading-title elementor-size-default\">SOBRE NOSOTROS<\/h5>\t\t\t\t<\/div>\n\t\t\t\t<\/div>\n\t\t\t\t<div class=\"elementor-element elementor-element-cfd6e30 sc_fly_static elementor-widget elementor-widget-spacer\" data-id=\"cfd6e30\" data-element_type=\"widget\" data-widget_type=\"spacer.default\">\n\t\t\t\t<div class=\"elementor-widget-container\">\n\t\t\t\t\t\t\t<div class=\"elementor-spacer\">\n\t\t\t<div class=\"elementor-spacer-inner\"><\/div>\n\t\t<\/div>\n\t\t\t\t\t\t<\/div>\n\t\t\t\t<\/div>\n\t\t\t\t<div class=\"elementor-element elementor-element-92fe33e sc_fly_static elementor-widget elementor-widget-heading\" data-id=\"92fe33e\" data-element_type=\"widget\" data-widget_type=\"heading.default\">\n\t\t\t\t<div class=\"elementor-widget-container\">\n\t\t\t\t\t<p class=\"elementor-heading-title elementor-size-default\">MH \u00daltima Milla es la unidad especializada en servicios de entrega final de MH Transport Logistic, empresa con m\u00e1s de 5 a\u00f1os de experiencia en el sector log\u00edstico.<\/p>\t\t\t\t<\/div>\n\t\t\t\t<\/div>\n\t\t\t\t<div class=\"elementor-element elementor-element-7a322f3 sc_fly_static elementor-widget elementor-widget-spacer\" data-id=\"7a322f3\" data-element_type=\"widget\" data-widget_type=\"spacer.default\">\n\t\t\t\t<div class=\"elementor-widget-container\">\n\t\t\t\t\t\t\t<div class=\"elementor-spacer\">\n\t\t\t<div class=\"elementor-spacer-inner\"><\/div>\n\t\t<\/div>\n\t\t\t\t\t\t<\/div>\n\t\t\t\t<\/div>\n\t\t\t\t<div class=\"elementor-element elementor-element-d41e6cd sc_fly_static elementor-widget elementor-widget-heading\" data-id=\"d41e6cd\" data-element_type=\"widget\" data-widget_type=\"heading.default\">\n\t\t\t\t<div class=\"elementor-widget-container\">\n\t\t\t\t\t<p class=\"elementor-heading-title elementor-size-default\">Nuestra operaci\u00f3n se enfoca exclusivamente en soluciones de \u00faltima milla, dise\u00f1adas para responder a las exigencias del comercio electr\u00f3nico, retail y cadenas de suministro modernas.\n<br><br>\n\nCon presencia operativa en el sureste de M\u00e9xico y tecnolog\u00eda de trazabilidad en tiempo real, MH \u00daltima Milla garantiza entregas seguras, puntuales y con visibilidad total en cada etapa del proceso.<br><br>\n\nNuestro compromiso es claro: optimizar la experiencia de entrega, fortaleciendo la imagen de tu marca frente al cliente final.\n\n\n<\/p>\t\t\t\t<\/div>\n\t\t\t\t<\/div>\n\t\t\t\t\t<\/div>\n\t\t<\/div>\n\t\t\t\t<div class=\"elementor-column elementor-col-50 elementor-inner-column elementor-element elementor-element-c840dd5 sc_content_align_inherit sc_layouts_column_icons_position_left sc_fly_static\" data-id=\"c840dd5\" data-element_type=\"column\">\n\t\t\t<div class=\"elementor-widget-wrap elementor-element-populated\">\n\t\t\t\t\t\t<div class=\"elementor-element elementor-element-b5b83e6 sc_fly_static elementor-widget elementor-widget-spacer\" data-id=\"b5b83e6\" data-element_type=\"widget\" data-widget_type=\"spacer.default\">\n\t\t\t\t<div class=\"elementor-widget-container\">\n\t\t\t\t\t\t\t<div class=\"elementor-spacer\">\n\t\t\t<div class=\"elementor-spacer-inner\"><\/div>\n\t\t<\/div>\n\t\t\t\t\t\t<\/div>\n\t\t\t\t<\/div>\n\t\t\t\t<div class=\"elementor-element elementor-element-d7468c2 no-title sc_fly_static elementor-widget elementor-widget-image\" data-id=\"d7468c2\" data-element_type=\"widget\" data-widget_type=\"image.default\">\n\t\t\t\t<div class=\"elementor-widget-container\">\n\t\t\t\t\t\t\t\t\t\t\t\t\t\t\t<img fetchpriority=\"high\" decoding=\"async\" width=\"1040\" height=\"1180\" src=\"https:\/\/mhultimamilla.mx\/v1\/wp-content\/uploads\/2025\/05\/32-1.png\" class=\"attachment-full size-full wp-image-6907\" alt=\"\" srcset=\"https:\/\/mhultimamilla.mx\/v1\/wp-content\/uploads\/2025\/05\/32-1.png 1040w, https:\/\/mhultimamilla.mx\/v1\/wp-content\/uploads\/2025\/05\/32-1-264x300.png 264w, https:\/\/mhultimamilla.mx\/v1\/wp-content\/uploads\/2025\/05\/32-1-903x1024.png 903w, https:\/\/mhultimamilla.mx\/v1\/wp-content\/uploads\/2025\/05\/32-1-768x871.png 768w, https:\/\/mhultimamilla.mx\/v1\/wp-content\/uploads\/2025\/05\/32-1-370x420.png 370w, https:\/\/mhultimamilla.mx\/v1\/wp-content\/uploads\/2025\/05\/32-1-840x953.png 840w, https:\/\/mhultimamilla.mx\/v1\/wp-content\/uploads\/2025\/05\/32-1-410x465.png 410w, https:\/\/mhultimamilla.mx\/v1\/wp-content\/uploads\/2025\/05\/32-1-730x828.png 730w\" sizes=\"(max-width: 1040px) 100vw, 1040px\" \/>\t\t\t\t\t\t\t\t\t\t\t\t\t\t\t<\/div>\n\t\t\t\t<\/div>\n\t\t\t\t<div class=\"elementor-element elementor-element-2ed7518 no-title elementor-widget__width-initial elementor-absolute sc_fly_static elementor-widget elementor-widget-image\" data-id=\"2ed7518\" data-element_type=\"widget\" data-settings=\"{&quot;_position&quot;:&quot;absolute&quot;}\" data-widget_type=\"image.default\">\n\t\t\t\t<div class=\"elementor-widget-container\">\n\t\t\t\t\t\t\t\t\t\t\t\t\t\t\t<img decoding=\"async\" width=\"850\" height=\"850\" src=\"https:\/\/mhultimamilla.mx\/v1\/wp-content\/uploads\/2025\/05\/01.png\" class=\"attachment-full size-full wp-image-6904\" alt=\"\" srcset=\"https:\/\/mhultimamilla.mx\/v1\/wp-content\/uploads\/2025\/05\/01.png 850w, https:\/\/mhultimamilla.mx\/v1\/wp-content\/uploads\/2025\/05\/01-300x300.png 300w, https:\/\/mhultimamilla.mx\/v1\/wp-content\/uploads\/2025\/05\/01-150x150.png 150w, https:\/\/mhultimamilla.mx\/v1\/wp-content\/uploads\/2025\/05\/01-768x768.png 768w, https:\/\/mhultimamilla.mx\/v1\/wp-content\/uploads\/2025\/05\/01-370x370.png 370w, https:\/\/mhultimamilla.mx\/v1\/wp-content\/uploads\/2025\/05\/01-120x120.png 120w, https:\/\/mhultimamilla.mx\/v1\/wp-content\/uploads\/2025\/05\/01-840x840.png 840w, https:\/\/mhultimamilla.mx\/v1\/wp-content\/uploads\/2025\/05\/01-410x410.png 410w, https:\/\/mhultimamilla.mx\/v1\/wp-content\/uploads\/2025\/05\/01-630x630.png 630w, https:\/\/mhultimamilla.mx\/v1\/wp-content\/uploads\/2025\/05\/01-730x730.png 730w\" sizes=\"(max-width: 850px) 100vw, 850px\" \/>\t\t\t\t\t\t\t\t\t\t\t\t\t\t\t<\/div>\n\t\t\t\t<\/div>\n\t\t\t\t\t<\/div>\n\t\t<\/div>\n\t\t\t\t\t<\/div>\n\t\t<\/section>\n\t\t\t\t<div class=\"elementor-element elementor-element-a5bc9b6 sc_height_huge sc_fly_static elementor-widget elementor-widget-spacer\" data-id=\"a5bc9b6\" data-element_type=\"widget\" data-widget_type=\"spacer.default\">\n\t\t\t\t<div class=\"elementor-widget-container\">\n\t\t\t\t\t\t\t<div class=\"elementor-spacer\">\n\t\t\t<div class=\"elementor-spacer-inner\"><\/div>\n\t\t<\/div>\n\t\t\t\t\t\t<\/div>\n\t\t\t\t<\/div>\n\t\t\t\t\t<\/div>\n\t\t<\/div>\n\t\t\t\t\t<\/div>\n\t\t<\/section>\n\t\t\t\t<section class=\"trx_addons_has_bg_text elementor-section elementor-top-section elementor-element elementor-element-aa03a78 elementor-section-full_width elementor-section-height-default elementor-section-height-default sc_fly_static\" data-bg-text=\"{&quot;bg_text&quot;:&quot;Logistica Paqueteria Transporte&quot;,&quot;bg_text_effect&quot;:&quot;none&quot;,&quot;bg_text_overlay&quot;:{&quot;url&quot;:&quot;&quot;},&quot;bg_text_left&quot;:{&quot;size&quot;:&quot;&quot;,&quot;unit&quot;:&quot;%&quot;},&quot;bg_text_top&quot;:{&quot;size&quot;:&quot;&quot;,&quot;unit&quot;:&quot;%&quot;},&quot;bg_text_z_index&quot;:{&quot;size&quot;:&quot;0&quot;,&quot;unit&quot;:&quot;px&quot;},&quot;bg_text_marquee&quot;:{&quot;unit&quot;:&quot;px&quot;,&quot;size&quot;:8,&quot;sizes&quot;:[]},&quot;bg_text_marquee_hover&quot;:&quot;&quot;,&quot;bg_text_marquee_margin&quot;:{&quot;unit&quot;:&quot;px&quot;,&quot;size&quot;:50,&quot;sizes&quot;:[]},&quot;bg_text_reverse&quot;:0,&quot;bg_text_accelerate&quot;:0,&quot;bg_text_delimiter_icon&quot;:&quot;&quot;,&quot;bg_text_delimiter_image&quot;:&quot;&quot;,&quot;bg_text_delimiter_svg&quot;:&quot;&quot;,&quot;bg_text_delimiter_rotation&quot;:0}\" data-id=\"aa03a78\" data-element_type=\"section\">\n\t\t\t\t\t\t<div class=\"elementor-container elementor-column-gap-no\">\n\t\t\t\t\t<div class=\"elementor-column elementor-col-100 elementor-top-column elementor-element elementor-element-ad28778 sc_content_align_inherit sc_layouts_column_icons_position_left sc_fly_static\" data-id=\"ad28778\" data-element_type=\"column\">\n\t\t\t<div class=\"elementor-widget-wrap elementor-element-populated\">\n\t\t\t\t\t\t<div class=\"elementor-element elementor-element-ba00b16 sc_fly_static elementor-widget elementor-widget-spacer\" data-id=\"ba00b16\" data-element_type=\"widget\" data-widget_type=\"spacer.default\">\n\t\t\t\t<div class=\"elementor-widget-container\">\n\t\t\t\t\t\t\t<div class=\"elementor-spacer\">\n\t\t\t<div class=\"elementor-spacer-inner\"><\/div>\n\t\t<\/div>\n\t\t\t\t\t\t<\/div>\n\t\t\t\t<\/div>\n\t\t\t\t\t<\/div>\n\t\t<\/div>\n\t\t\t\t\t<\/div>\n\t\t<\/section>\n\t\t\t\t<section class=\"elementor-section elementor-top-section elementor-element elementor-element-6019b52 elementor-section-boxed elementor-section-height-default elementor-section-height-default sc_fly_static\" data-id=\"6019b52\" data-element_type=\"section\">\n\t\t\t\t\t\t<div class=\"elementor-container elementor-column-gap-extended\">\n\t\t\t\t\t<div class=\"elementor-column elementor-col-100 elementor-top-column elementor-element elementor-element-67ae4d1 sc_content_align_inherit sc_layouts_column_icons_position_left sc_fly_static\" data-id=\"67ae4d1\" data-element_type=\"column\">\n\t\t\t<div class=\"elementor-widget-wrap elementor-element-populated\">\n\t\t\t\t\t\t<div class=\"elementor-element elementor-element-9d64203 sc_height_large sc_fly_static elementor-widget elementor-widget-spacer\" data-id=\"9d64203\" data-element_type=\"widget\" data-widget_type=\"spacer.default\">\n\t\t\t\t<div class=\"elementor-widget-container\">\n\t\t\t\t\t\t\t<div class=\"elementor-spacer\">\n\t\t\t<div class=\"elementor-spacer-inner\"><\/div>\n\t\t<\/div>\n\t\t\t\t\t\t<\/div>\n\t\t\t\t<\/div>\n\t\t\t\t\t<\/div>\n\t\t<\/div>\n\t\t\t\t\t<\/div>\n\t\t<\/section>\n\t\t\t\t<section class=\"elementor-section elementor-top-section elementor-element elementor-element-4114b83a scheme_dark elementor-section-boxed elementor-section-height-default elementor-section-height-default sc_fly_static\" data-id=\"4114b83a\" data-element_type=\"section\" data-settings=\"{&quot;background_background&quot;:&quot;classic&quot;}\">\n\t\t\t\t\t\t<div class=\"elementor-container elementor-column-gap-extended\">\n\t\t\t\t\t<div class=\"elementor-column elementor-col-100 elementor-top-column elementor-element elementor-element-6d4dd8fc sc_content_align_inherit sc_layouts_column_icons_position_left sc_fly_static\" data-id=\"6d4dd8fc\" data-element_type=\"column\">\n\t\t\t<div class=\"elementor-widget-wrap elementor-element-populated\">\n\t\t\t\t\t\t<div class=\"elementor-element elementor-element-8a51dcd sc_height_huge sc_fly_static elementor-widget elementor-widget-spacer\" data-id=\"8a51dcd\" data-element_type=\"widget\" data-widget_type=\"spacer.default\">\n\t\t\t\t<div class=\"elementor-widget-container\">\n\t\t\t\t\t\t\t<div class=\"elementor-spacer\">\n\t\t\t<div class=\"elementor-spacer-inner\"><\/div>\n\t\t<\/div>\n\t\t\t\t\t\t<\/div>\n\t\t\t\t<\/div>\n\t\t\t\t<div class=\"elementor-element elementor-element-cd403ec sc_layouts_hide_on_notebook sc_layouts_hide_on_mobile sc_layouts_hide_on_tablet sc_fly_static elementor-widget elementor-widget-spacer\" data-id=\"cd403ec\" data-element_type=\"widget\" data-widget_type=\"spacer.default\">\n\t\t\t\t<div class=\"elementor-widget-container\">\n\t\t\t\t\t\t\t<div class=\"elementor-spacer\">\n\t\t\t<div class=\"elementor-spacer-inner\"><\/div>\n\t\t<\/div>\n\t\t\t\t\t\t<\/div>\n\t\t\t\t<\/div>\n\t\t\t\t<section class=\"elementor-section elementor-inner-section elementor-element elementor-element-eeb8bc2 elementor-section-boxed elementor-section-height-default elementor-section-height-default sc_fly_static\" data-id=\"eeb8bc2\" data-element_type=\"section\">\n\t\t\t\t\t\t<div class=\"elementor-container elementor-column-gap-no\">\n\t\t\t\t\t<div class=\"elementor-column elementor-col-50 elementor-inner-column elementor-element elementor-element-7e305abd sc_content_align_inherit sc_layouts_column_icons_position_left sc_fly_static\" data-id=\"7e305abd\" data-element_type=\"column\">\n\t\t\t<div class=\"elementor-widget-wrap elementor-element-populated\">\n\t\t\t\t\t\t<div class=\"elementor-element elementor-element-54849ee sc_fly_static elementor-widget elementor-widget-heading\" data-id=\"54849ee\" data-element_type=\"widget\" data-widget_type=\"heading.default\">\n\t\t\t\t<div class=\"elementor-widget-container\">\n\t\t\t\t\t<h3 class=\"elementor-heading-title elementor-size-default\">CAPACIDAD OPERATIVA<\/h3>\t\t\t\t<\/div>\n\t\t\t\t<\/div>\n\t\t\t\t\t<\/div>\n\t\t<\/div>\n\t\t\t\t<div class=\"elementor-column elementor-col-50 elementor-inner-column elementor-element elementor-element-531a8c25 sc_content_align_inherit sc_layouts_column_icons_position_left sc_fly_static\" data-id=\"531a8c25\" data-element_type=\"column\">\n\t\t\t<div class=\"elementor-widget-wrap elementor-element-populated\">\n\t\t\t\t\t\t<div class=\"elementor-element elementor-element-1d694946 sc_fly_static elementor-widget elementor-widget-text-editor\" data-id=\"1d694946\" data-element_type=\"widget\" data-widget_type=\"text-editor.default\">\n\t\t\t\t<div class=\"elementor-widget-container\">\n\t\t\t\t\t\t\t\t\t<p>Contamos con una flota diversa y completamente equipada para adaptarnos a cualquier necesidad log\u00edstica. Nuestras unidades garantizan la seguridad, eficiencia y puntualidad en cada entrega.<\/p>\t\t\t\t\t\t\t\t<\/div>\n\t\t\t\t<\/div>\n\t\t\t\t<div class=\"elementor-element elementor-element-272677cc sc_fly_static elementor-widget elementor-widget-spacer\" data-id=\"272677cc\" data-element_type=\"widget\" data-widget_type=\"spacer.default\">\n\t\t\t\t<div class=\"elementor-widget-container\">\n\t\t\t\t\t\t\t<div class=\"elementor-spacer\">\n\t\t\t<div class=\"elementor-spacer-inner\"><\/div>\n\t\t<\/div>\n\t\t\t\t\t\t<\/div>\n\t\t\t\t<\/div>\n\t\t\t\t\t<\/div>\n\t\t<\/div>\n\t\t\t\t\t<\/div>\n\t\t<\/section>\n\t\t\t\t<section class=\"elementor-section elementor-inner-section elementor-element elementor-element-1da7ea00 elementor-section-boxed elementor-section-height-default elementor-section-height-default sc_fly_static\" data-id=\"1da7ea00\" data-element_type=\"section\">\n\t\t\t\t\t\t<div class=\"elementor-container elementor-column-gap-no\">\n\t\t\t\t\t<div class=\"elementor-column elementor-col-100 elementor-inner-column elementor-element elementor-element-55a093ae sc_content_align_inherit sc_layouts_column_icons_position_left sc_fly_static\" data-id=\"55a093ae\" data-element_type=\"column\">\n\t\t\t<div class=\"elementor-widget-wrap elementor-element-populated\">\n\t\t\t\t\t\t<div class=\"elementor-element elementor-element-1cca59cf sc_height_small sc_fly_static elementor-widget elementor-widget-spacer\" data-id=\"1cca59cf\" data-element_type=\"widget\" data-widget_type=\"spacer.default\">\n\t\t\t\t<div class=\"elementor-widget-container\">\n\t\t\t\t\t\t\t<div class=\"elementor-spacer\">\n\t\t\t<div class=\"elementor-spacer-inner\"><\/div>\n\t\t<\/div>\n\t\t\t\t\t\t<\/div>\n\t\t\t\t<\/div>\n\t\t\t\t\t<\/div>\n\t\t<\/div>\n\t\t\t\t\t<\/div>\n\t\t<\/section>\n\t\t\t\t<section class=\"elementor-section elementor-inner-section elementor-element elementor-element-5fe3c40f elementor-section-boxed elementor-section-height-default elementor-section-height-default sc_fly_static\" data-id=\"5fe3c40f\" data-element_type=\"section\">\n\t\t\t\t\t\t<div class=\"elementor-container elementor-column-gap-no\">\n\t\t\t\t\t<div class=\"elementor-column elementor-col-100 elementor-inner-column elementor-element elementor-element-7563cea sc_extra_bg_extra_left scheme_dark sc_content_align_inherit sc_layouts_column_icons_position_left sc_fly_static\" data-id=\"7563cea\" data-element_type=\"column\" data-settings=\"{&quot;background_background&quot;:&quot;classic&quot;}\">\n\t\t\t<div class=\"elementor-widget-wrap elementor-element-populated\">\n\t\t\t\t\t\t<div class=\"elementor-element elementor-element-286f93c sc_fly_static elementor-widget elementor-widget-text-editor\" data-id=\"286f93c\" data-element_type=\"widget\" data-widget_type=\"text-editor.default\">\n\t\t\t\t<div class=\"elementor-widget-container\">\n\t\t\t\t\t\t\t\t\t<h5><strong>Unidades disponibles<\/strong><\/h5><ul><li>Cami\u00f3n cerrado (Caja Seca) con acceso seguro para carga y descarga.<\/li><li>Unidad vehicular 1 tonelada para entregas \u00e1giles y eficientes.<\/li><li>Unidad vehicular 3.5 toneladas para transporte mediano con altorendimiento.<\/li><li>Unidad vehicular 10 toneladas para cargas pesadas con m\u00e1xima seguridad<\/li><li>Unidad vehicular 48 pies con capacidad de hasta 20 toneladas.<\/li><li>Unidad vehicular 53 pies con capacidad de hasta 25 toneladas.<\/li><li>Unidad vehicular Full \/ Doble Semirremolque con capacidad de hasta 50 toneladas.<\/li><\/ul>\t\t\t\t\t\t\t\t<\/div>\n\t\t\t\t<\/div>\n\t\t\t\t<div class=\"elementor-element elementor-element-b8b637c sc_height_small sc_fly_static elementor-widget elementor-widget-spacer\" data-id=\"b8b637c\" data-element_type=\"widget\" data-widget_type=\"spacer.default\">\n\t\t\t\t<div class=\"elementor-widget-container\">\n\t\t\t\t\t\t\t<div class=\"elementor-spacer\">\n\t\t\t<div class=\"elementor-spacer-inner\"><\/div>\n\t\t<\/div>\n\t\t\t\t\t\t<\/div>\n\t\t\t\t<\/div>\n\t\t\t\t<div class=\"elementor-element elementor-element-2928417 sc_fly_static elementor-widget elementor-widget-text-editor\" data-id=\"2928417\" data-element_type=\"widget\" data-widget_type=\"text-editor.default\">\n\t\t\t\t<div class=\"elementor-widget-container\">\n\t\t\t\t\t\t\t\t\t<h5>Operadores<\/h5>\n<ul>\n \t<li style=\"list-style-type: none;\">\n \t<li>Operadores con certificados y con licencia vigente.<\/li>\n \t<li>Control estricto mensual (antidoping, pruebas de confianza).<\/li>\n<\/ul>\n<\/li>\n<\/ul>\t\t\t\t\t\t\t\t<\/div>\n\t\t\t\t<\/div>\n\t\t\t\t<div class=\"elementor-element elementor-element-8ce8403 sc_height_small sc_fly_static elementor-widget elementor-widget-spacer\" data-id=\"8ce8403\" data-element_type=\"widget\" data-widget_type=\"spacer.default\">\n\t\t\t\t<div class=\"elementor-widget-container\">\n\t\t\t\t\t\t\t<div class=\"elementor-spacer\">\n\t\t\t<div class=\"elementor-spacer-inner\"><\/div>\n\t\t<\/div>\n\t\t\t\t\t\t<\/div>\n\t\t\t\t<\/div>\n\t\t\t\t<div class=\"elementor-element elementor-element-9b4f6a7 sc_fly_static elementor-widget elementor-widget-text-editor\" data-id=\"9b4f6a7\" data-element_type=\"widget\" data-widget_type=\"text-editor.default\">\n\t\t\t\t<div class=\"elementor-widget-container\">\n\t\t\t\t\t\t\t\t\t<h5>Tecnolog\u00eda avanzada<\/h5>\n<ul>\n \t<li style=\"list-style-type: none;\">\n \t<li>Monitoreo 24\/7 con GPS en tiempo real.<\/li>\n \t<li>Protocolos de seguridad de alto nivel.<\/li>\n \t<li>Optimizaci\u00f3n de rutas para reducir costos y tiempos<\/li>\n<\/ul>\n<\/li>\n<\/ul>\t\t\t\t\t\t\t\t<\/div>\n\t\t\t\t<\/div>\n\t\t\t\t\t<\/div>\n\t\t<\/div>\n\t\t\t\t\t<\/div>\n\t\t<\/section>\n\t\t\t\t<div class=\"elementor-element elementor-element-64f9c307 sc_layouts_hide_on_notebook sc_layouts_hide_on_mobile sc_layouts_hide_on_tablet sc_fly_static elementor-widget elementor-widget-spacer\" data-id=\"64f9c307\" data-element_type=\"widget\" data-widget_type=\"spacer.default\">\n\t\t\t\t<div class=\"elementor-widget-container\">\n\t\t\t\t\t\t\t<div class=\"elementor-spacer\">\n\t\t\t<div class=\"elementor-spacer-inner\"><\/div>\n\t\t<\/div>\n\t\t\t\t\t\t<\/div>\n\t\t\t\t<\/div>\n\t\t\t\t\t<\/div>\n\t\t<\/div>\n\t\t\t\t\t<\/div>\n\t\t<\/section>\n\t\t\t\t<\/div>\n\t\t","protected":false},"excerpt":{"rendered":"<p>Empresa SOBRE NOSOTROS MH \u00daltima Milla es la unidad especializada en servicios de entrega final de MH Transport Logistic, empresa con m\u00e1s de 5 a\u00f1os de experiencia en el sector&hellip;<\/p>\n","protected":false},"author":1,"featured_media":0,"parent":0,"menu_order":0,"comment_status":"closed","ping_status":"closed","template":"","meta":{"footnotes":""},"class_list":["post-2075","page","type-page","status-publish","hentry"],"_links":{"self":[{"href":"https:\/\/mhultimamilla.mx\/v1\/wp-json\/wp\/v2\/pages\/2075","targetHints":{"allow":["GET"]}}],"collection":[{"href":"https:\/\/mhultimamilla.mx\/v1\/wp-json\/wp\/v2\/pages"}],"about":[{"href":"https:\/\/mhultimamilla.mx\/v1\/wp-json\/wp\/v2\/types\/page"}],"author":[{"embeddable":true,"href":"https:\/\/mhultimamilla.mx\/v1\/wp-json\/wp\/v2\/users\/1"}],"replies":[{"embeddable":true,"href":"https:\/\/mhultimamilla.mx\/v1\/wp-json\/wp\/v2\/comments?post=2075"}],"version-history":[{"count":83,"href":"https:\/\/mhultimamilla.mx\/v1\/wp-json\/wp\/v2\/pages\/2075\/revisions"}],"predecessor-version":[{"id":6932,"href":"https:\/\/mhultimamilla.mx\/v1\/wp-json\/wp\/v2\/pages\/2075\/revisions\/6932"}],"wp:attachment":[{"href":"https:\/\/mhultimamilla.mx\/v1\/wp-json\/wp\/v2\/media?parent=2075"}],"curies":[{"name":"wp","href":"https:\/\/api.w.org\/{rel}","templated":true}]}}